{"id":100,"date":"2023-05-27T19:35:54","date_gmt":"2023-05-27T17:35:54","guid":{"rendered":"https:\/\/aupp.org\/?page_id=100"},"modified":"2023-06-13T19:04:55","modified_gmt":"2023-06-13T17:04:55","slug":"page-1","status":"publish","type":"page","link":"https:\/\/aupp.org\/?page_id=100","title":{"rendered":"L&rsquo;association"},"content":{"rendered":"<p>[et_pb_section fb_built=\u00a0\u00bb1&Prime; _builder_version=\u00a0\u00bb4.21.0&Prime; _module_preset=\u00a0\u00bbdefault\u00a0\u00bb global_colors_info=\u00a0\u00bb{}\u00a0\u00bb][et_pb_row _builder_version=\u00a0\u00bb4.21.0&Prime; _module_preset=\u00a0\u00bbdefault\u00a0\u00bb global_colors_info=\u00a0\u00bb{}\u00a0\u00bb][et_pb_column type=\u00a0\u00bb4_4&Prime; _builder_version=\u00a0\u00bb4.21.0&Prime; _module_preset=\u00a0\u00bbdefault\u00a0\u00bb hover_enabled=\u00a0\u00bb0&Prime; global_colors_info=\u00a0\u00bb{}\u00a0\u00bb sticky_enabled=\u00a0\u00bb0&Prime;][et_pb_toggle title=\u00a0\u00bbLe projet\u00a0\u00bb _builder_version=\u00a0\u00bb4.21.0&Prime; _module_preset=\u00a0\u00bbdefault\u00a0\u00bb hover_enabled=\u00a0\u00bb0&Prime; global_colors_info=\u00a0\u00bb{}\u00a0\u00bb icon_color=\u00a0\u00bb#000000&Prime; sticky_enabled=\u00a0\u00bb0&Prime;]<\/p>\n<p><span>Telle un palimpseste, Paris est une ville ancienne dont les rues, quais et parcs t\u00e9moignent d\u2019une architecture et d\u2019un urbanisme qui n\u2019ont cess\u00e9 de la faire \u00e9voluer dans son trac\u00e9 comme dans son organisation, d\u00e9truisant autrefois souvent pour reconstruire et agrandir sans cesse son p\u00e9rim\u00e8tre. Il r\u00e9sulte de ce qui a subsist\u00e9 un patrimoine b\u00e2ti pr\u00e9cieux et divers, des ar\u00e8nes de Lut\u00e8ce aux constructions contemporaines.<\/span><\/p>\n<p><span>Fruit d\u2019une architecture qui n\u2019a cess\u00e9 d\u2019\u00e9voluer, notre patrimoine architectural est aujourd\u2019hui l\u2019\u00e2me de notre ville et il est donc pr\u00e9cieux.<\/span><\/p>\n<p><span>Mais une ville est un \u00ab\u00a0organisme vivant\u00a0\u00bb qui se doit d\u2019\u00e9voluer au fil du temps, de s\u2019adapter et, si l\u2019urbanisme est une science pr\u00e9cieuse pour accompagner intelligemment ces mutations, la protection du patrimoine b\u00e2ti r\u00e9duit l\u2019empreinte carbone de la ville \u00e0 la diff\u00e9rence des d\u00e9molitions-reconstructions du pass\u00e9.<\/span><\/p>\n<p><span>Un dialogue ouvert et constructif est donc n\u00e9cessaire pour trouver un bon \u00e9quilibre, dans l\u2019int\u00e9r\u00eat de la ville, de ses habitants et de leur avenir.<\/span><\/p>\n<p><span>De m\u00eame, un apprentissage g\u00e9n\u00e9ralis\u00e9 \u00e0 l\u2019histoire de l\u2019architecture et de l\u2019urbanisme d\u00e8s le plus jeune \u00e2ge permet au citoyen de demain de mieux comprendre les enjeux, de participer aux d\u00e9bats de fa\u00e7on plus \u00e9clair\u00e9e, de mieux accompagner la pr\u00e9servation comme l\u2019\u00e9volution n\u00e9cessaires de sa ville.<\/span><\/p>\n<p><span>De ces r\u00e9flexions partag\u00e9es, nous avons donc d\u00e9cid\u00e9 de cr\u00e9er l\u2019Association Architecture, Urbanisme &amp; Patrimoine parisiens\u00a0avec deux objectifs compl\u00e9mentaires\u00a0:<\/span><\/p>\n<p><span><\/span><\/p>\n<ul>\n<li><span>favoriser les \u00e9changes professionnels entre les mondes de l\u2019architecture, de l\u2019urbanisme et du patrimoine \u00e0 Paris \u00e0 l\u2019occasion de Rencontres et de publications,<\/span><span><\/span><\/li>\n<li><span>d\u00e9velopper avec les \u00e9coles et coll\u00e8ges parisiens des formations et sensibilisations concernant l\u2019architecture, l\u2019urbanisme et le patrimoine.<\/span><\/li>\n<\/ul>\n<p>[\/et_pb_toggle][\/et_pb_column][\/et_pb_row][et_pb_row _builder_version=\u00a0\u00bb4.21.0&Prime; _module_preset=\u00a0\u00bbdefault\u00a0\u00bb global_colors_info=\u00a0\u00bb{}\u00a0\u00bb][et_pb_column type=\u00a0\u00bb4_4&Prime; _builder_version=\u00a0\u00bb4.21.0&Prime; _module_preset=\u00a0\u00bbdefault\u00a0\u00bb global_colors_info=\u00a0\u00bb{}\u00a0\u00bb][et_pb_toggle title=\u00a0\u00bbL&rsquo;\u00e9quipe\u00a0\u00bb _builder_version=\u00a0\u00bb4.21.0&Prime; _module_preset=\u00a0\u00bbdefault\u00a0\u00bb global_colors_info=\u00a0\u00bb{}\u00a0\u00bb icon_color=\u00a0\u00bb#000000&Prime;]<\/p>\n<p><span><strong>Dorian Bianco<\/strong>, doctorant en histoire de l\u2019art, <strong>tr\u00e9sorier <\/strong>(<a href=\"mailto:dorian.bianco@aupp.org\">dorian.bianco@aupp.org<\/a>)<strong><br \/><\/strong><\/span><\/p>\n<p><strong>L\u00e9o Janin<\/strong>, historien de l\u2019architecture, <strong>administrateur <\/strong>(<a href=\"mailto:leo.janin@aupp.org\">leo.janin@aupp.org<\/a>)<\/p>\n<p><strong>L\u00e9o Noyer Duplaix<\/strong>, chercheur en histoire de l\u2019architecture et de l\u2019urbanisme, <strong>administrateur <\/strong>(<a href=\"mailto:leo.noyerduplaix@aupp.org\">leo.noyerduplaix@aupp.org<\/a>)<strong><br \/><\/strong><\/p>\n<p><span><strong>Marie-Jeanne Jouveau<\/strong>, architecte,<strong> vice-pr\u00e9sidente<\/strong> (<a href=\"mailto:marie.jouveau@aupp.org\">marie.jouveau@aupp.org<\/a>)<\/span><\/p>\n<p><strong>Patrick Rollot<\/strong>, consultant, <strong>pr\u00e9sident<\/strong><span class=\"css-901oao css-16my406 r-poiln3 r-bcqeeo r-qvutc0\"> (<\/span><span class=\"css-901oao css-16my406 r-poiln3 r-bcqeeo r-qvutc0\"><a href=\"mailto:patrick.rollot@aupp.org\">patrick.rollot@aupp.org)<\/a><\/span><\/p>\n<p><strong>Quentin Rabu<\/strong>, historien de l\u2019architecture, <strong>secr\u00e9taire g\u00e9n\u00e9ral <\/strong>(<a href=\"mailto:quentin.rabu@aupp.org\">quentin.rabu@aupp.org<\/a>)<\/p>\n<p><span><strong>Valentine Tessier<\/strong>, avocate en droit de l\u2019urbanisme, <strong>administratrice <\/strong>(<a href=\"mailto:valentine.tessier@aupp.org\">valentine.tessier@aupp.org<\/a>)<strong><br \/><\/strong><\/span><\/p>\n<p>[\/et_pb_toggle][\/et_pb_column][\/et_pb_row][et_pb_row _builder_version=\u00a0\u00bb4.21.0&Prime; _module_preset=\u00a0\u00bbdefault\u00a0\u00bb global_colors_info=\u00a0\u00bb{}\u00a0\u00bb][et_pb_column type=\u00a0\u00bb4_4&Prime; _builder_version=\u00a0\u00bb4.21.0&Prime; _module_preset=\u00a0\u00bbdefault\u00a0\u00bb global_colors_info=\u00a0\u00bb{}\u00a0\u00bb][et_pb_toggle title=\u00a0\u00bbLe Comit\u00e9 d&rsquo;honneur\u00a0\u00bb _builder_version=\u00a0\u00bb4.21.0&Prime; _module_preset=\u00a0\u00bbdefault\u00a0\u00bb global_colors_info=\u00a0\u00bb{}\u00a0\u00bb icon_color=\u00a0\u00bb#000000&Prime;]<\/p>\n<p><em>En cours de constitution<\/em><\/p>\n<p>[\/et_pb_toggle][\/et_pb_column][\/et_pb_row][\/et_pb_section]<\/p>\n","protected":false},"excerpt":{"rendered":"<p>Telle un palimpseste, Paris est une ville ancienne dont les rues, quais et parcs t\u00e9moignent d\u2019une architecture et d\u2019un urbanisme qui n\u2019ont cess\u00e9 de la faire \u00e9voluer dans son trac\u00e9 comme dans son organisation, d\u00e9truisant autrefois souvent pour reconstruire et agrandir sans cesse son p\u00e9rim\u00e8tre. Il r\u00e9sulte de ce qui a subsist\u00e9 un patrimoine b\u00e2ti [&hellip;]<\/p>\n","protected":false},"author":1,"featured_media":0,"parent":0,"menu_order":0,"comment_status":"closed","ping_status":"closed","template":"","meta":{"_et_pb_use_builder":"on","_et_pb_old_content":"","_et_gb_content_width":"","footnotes":""},"class_list":["post-100","page","type-page","status-publish","hentry"],"_links":{"self":[{"href":"https:\/\/aupp.org\/index.php?rest_route=\/wp\/v2\/pages\/100","targetHints":{"allow":["GET"]}}],"collection":[{"href":"https:\/\/aupp.org\/index.php?rest_route=\/wp\/v2\/pages"}],"about":[{"href":"https:\/\/aupp.org\/index.php?rest_route=\/wp\/v2\/types\/page"}],"author":[{"embeddable":true,"href":"https:\/\/aupp.org\/index.php?rest_route=\/wp\/v2\/users\/1"}],"replies":[{"embeddable":true,"href":"https:\/\/aupp.org\/index.php?rest_route=%2Fwp%2Fv2%2Fcomments&post=100"}],"version-history":[{"count":13,"href":"https:\/\/aupp.org\/index.php?rest_route=\/wp\/v2\/pages\/100\/revisions"}],"predecessor-version":[{"id":237,"href":"https:\/\/aupp.org\/index.php?rest_route=\/wp\/v2\/pages\/100\/revisions\/237"}],"wp:attachment":[{"href":"https:\/\/aupp.org\/index.php?rest_route=%2Fwp%2Fv2%2Fmedia&parent=100"}],"curies":[{"name":"wp","href":"https:\/\/api.w.org\/{rel}","templated":true}]}}